{"id":5961,"date":"2022-03-27T14:22:00","date_gmt":"2022-03-27T17:22:00","guid":{"rendered":"https:\/\/cristinadurao.com.br\/?page_id=5961"},"modified":"2022-04-03T10:52:59","modified_gmt":"2022-04-03T13:52:59","slug":"aparelho-dental","status":"publish","type":"page","link":"https:\/\/cristinadurao.com.br\/index.php\/aparelho-dental\/","title":{"rendered":"Aparelhos dent\u00e1rios"},"content":{"rendered":"\t\t<div data-elementor-type=\"wp-page\" data-elementor-id=\"5961\" class=\"elementor elementor-5961\">\n\t\t\t\t\t\t\t        <section class=\"elementor-section elementor-top-section elementor-element elementor-element-2d7bd47 elementor-section-stretched elementor-section-boxed elementor-section-height-default elementor-section-height-default ct-header-fixed-none\" data-id=\"2d7bd47\" data-element_type=\"section\" data-settings=\"{&quot;stretch_section&quot;:&quot;section-stretched&quot;,&quot;background_background&quot;:&quot;classic&quot;}\">\n            \n                        <div class=\"elementor-container elementor-column-gap-extended \">\n                    <div class=\"elementor-column elementor-col-100 elementor-top-column elementor-element elementor-element-d99c28f\" data-id=\"d99c28f\" data-element_type=\"column\">\n            <div class=\"elementor-widget-wrap elementor-element-populated\">\n                                <section class=\"elementor-section elementor-inner-section elementor-element elementor-element-f712988 elementor-section-content-middle elementor-section-boxed elementor-section-height-default elementor-section-height-default ct-header-fixed-none\" data-id=\"f712988\" data-element_type=\"section\">\n            \n                        <div class=\"elementor-container elementor-column-gap-extended \">\n                    <div class=\"elementor-column elementor-col-50 elementor-inner-column elementor-element elementor-element-0129098\" data-id=\"0129098\" data-element_type=\"column\">\n            <div class=\"elementor-widget-wrap elementor-element-populated\">\n                        \t\t<div class=\"elementor-element elementor-element-cba0958 elementor-widget elementor-widget-ct_heading\" data-id=\"cba0958\" data-element_type=\"widget\" data-widget_type=\"ct_heading.default\">\n\t\t\t\t<div class=\"elementor-widget-container\">\n\t\t\t<div id=\"ct_heading-cba0958\" class=\"ct-heading h-align- ct-heading-left item-st-default\">\r\n\t<div class=\"ct-inline-css\"  data-css=\"\r\n        \">\r\n    <\/div>\r\n    \t\t<div class=\"item--sub-title st-default \" data-wow-delay=\"ms\">\r\n            <div class=\"item--sub-title-inner\">\r\n                                    <div class=\"icon-sub-title\">\r\n                        <svg version=\"1.0\" xmlns=\"http:\/\/www.w3.org\/2000\/svg\" viewBox=\"0 0 382.000000 382.000000\" preserveAspectRatio=\"xMidYMid meet\">\r\n                            <defs>\r\n                                <linearGradient id=\"sub-icon1\" x1=\"0%\" y1=\"0%\" x2=\"0%\" y2=\"100%\">\r\n                                      <stop offset=\"0%\" style=\"stop-color:#7f0000;stop-opacity:1\" \/>\r\n                                      <stop offset=\"100%\" style=\"stop-color:#9a0000;stop-opacity:1\" \/>\r\n                                <\/linearGradient>\r\n                              <\/defs>\r\n                            <g fill=\"url(#sub-icon1)\" transform=\"translate(0.000000,382.000000) scale(0.100000,-0.100000)\" fill=\"#000000\" stroke=\"none\"><path d=\"M1856 3797 c-20 -20 -23 -36 -29 -142 -50 -901 -761 -1612 -1662 -1662 -106 -6 -122 -9 -142 -29 -30 -30 -30 -78 0 -108 20 -20 36 -23 142 -29 901 -50 1612 -761 1662 -1662 6 -106 9 -122 29 -142 30 -30 78 -30 108 0 20 20 23 36 29 142 50 901 761 1612 1662 1662 106 6 122 9 142 29 30 30 30 78 0 108 -20 20 -36 23 -142 29 -901 50 -1612 761 -1662 1662 -6 106 -9 122 -29 142 -14 14 -35 23 -54 23 -19 0 -40 -9 -54 -23z\"\/><\/g>\r\n                        <\/svg>\r\n                        <svg version=\"1.0\" xmlns=\"http:\/\/www.w3.org\/2000\/svg\" viewBox=\"0 0 382.000000 382.000000\" preserveAspectRatio=\"xMidYMid meet\">\r\n                            <defs>\r\n                                <linearGradient id=\"sub-icon2\" x1=\"0%\" y1=\"0%\" x2=\"0%\" y2=\"100%\">\r\n                                      <stop offset=\"0%\" style=\"stop-color:#7f0000;stop-opacity:1\" \/>\r\n                                      <stop offset=\"100%\" style=\"stop-color:#9a0000;stop-opacity:1\" \/>\r\n                                <\/linearGradient>\r\n                              <\/defs>\r\n                            <g fill=\"url(#sub-icon2)\" transform=\"translate(0.000000,382.000000) scale(0.100000,-0.100000)\" fill=\"#000000\" stroke=\"none\"><path d=\"M1856 3797 c-20 -20 -23 -36 -29 -142 -50 -901 -761 -1612 -1662 -1662 -106 -6 -122 -9 -142 -29 -30 -30 -30 -78 0 -108 20 -20 36 -23 142 -29 901 -50 1612 -761 1662 -1662 6 -106 9 -122 29 -142 30 -30 78 -30 108 0 20 20 23 36 29 142 50 901 761 1612 1662 1662 106 6 122 9 142 29 30 30 30 78 0 108 -20 20 -36 23 -142 29 -901 50 -1612 761 -1662 1662 -6 106 -9 122 -29 142 -14 14 -35 23 -54 23 -19 0 -40 -9 -54 -23z\"\/><\/g>\r\n                        <\/svg>\r\n                        <svg version=\"1.0\" xmlns=\"http:\/\/www.w3.org\/2000\/svg\" viewBox=\"0 0 382.000000 382.000000\" preserveAspectRatio=\"xMidYMid meet\">\r\n                            <defs>\r\n                                <linearGradient id=\"sub-icon3\" x1=\"0%\" y1=\"0%\" x2=\"0%\" y2=\"100%\">\r\n                                      <stop offset=\"0%\" style=\"stop-color:#7f0000;stop-opacity:1\" \/>\r\n                                      <stop offset=\"100%\" style=\"stop-color:#9a0000;stop-opacity:1\" \/>\r\n                                <\/linearGradient>\r\n                              <\/defs>\r\n                            <g fill=\"url(#sub-icon3)\" transform=\"translate(0.000000,382.000000) scale(0.100000,-0.100000)\" fill=\"#000000\" stroke=\"none\"><path d=\"M1856 3797 c-20 -20 -23 -36 -29 -142 -50 -901 -761 -1612 -1662 -1662 -106 -6 -122 -9 -142 -29 -30 -30 -30 -78 0 -108 20 -20 36 -23 142 -29 901 -50 1612 -761 1662 -1662 6 -106 9 -122 29 -142 30 -30 78 -30 108 0 20 20 23 36 29 142 50 901 761 1612 1662 1662 106 6 122 9 142 29 30 30 30 78 0 108 -20 20 -36 23 -142 29 -901 50 -1612 761 -1662 1662 -6 106 -9 122 -29 142 -14 14 -35 23 -54 23 -19 0 -40 -9 -54 -23z\"\/><\/g>\r\n                        <\/svg>\r\n                    <\/div>\r\n                                Aparelho Dental            <\/div>\r\n        <\/div>\r\n\t    <h6 class=\"item--title  st-default \" data-wow-delay=\"ms\">\r\n        <span class=\"ct-text-inner\">Invis\u00edvel<br>\nEst\u00e9tico<br>\nAutoligado<br>\nMet\u00e1lico<br>\nOrtop\u00e9dico<\/span>    <\/h6>\r\n<\/div>\t\t<\/div>\n\t\t\t\t<\/div>\n\t\t            <\/div>\n        <\/div>\n                <div class=\"elementor-column elementor-col-50 elementor-inner-column elementor-element elementor-element-739bb70\" data-id=\"739bb70\" data-element_type=\"column\">\n            <div class=\"elementor-widget-wrap elementor-element-populated\">\n                        \t\t<div class=\"elementor-element elementor-element-00608b1 elementor-widget elementor-widget-ct_text_editor\" data-id=\"00608b1\" data-element_type=\"widget\" data-widget_type=\"ct_text_editor.default\">\n\t\t\t\t<div class=\"elementor-widget-container\">\n\t\t\t<div id=\"ct_text_editor-00608b1\" class=\"ct-text-editor \" data-wow-delay=\"ms\">\n\t<div class=\"ct-inline-css\"  data-css=\"\n        \t\t\">\n\n    <\/div>\n\t<div class=\"ct-text-editor elementor-clearfix\">\n\t\t<p>O aparelho dent\u00e1rio, tamb\u00e9m chamado de aparelho ortod\u00f4ntico, \u00e9 utilizado para corrigir dentes tortos e desalinhados.<\/p>\t\t\n\t<\/div>\n<\/div>\t\t<\/div>\n\t\t\t\t<\/div>\n\t\t            <\/div>\n        <\/div>\n                            <\/div>\n        <\/section>\n        \t\t<div class=\"elementor-element elementor-element-68fd91c elementor-widget elementor-widget-ct_tab_banner\" data-id=\"68fd91c\" data-element_type=\"widget\" data-widget_type=\"ct_tab_banner.default\">\n\t\t\t\t<div class=\"elementor-widget-container\">\n\t\t\t    <div class=\"ct-tabs ct-tab-banner1\">\n        <div class=\"ct-tabs-title\">\n                            <div class=\"ct-tab-title active\" data-target=\"#ct_tab_banner-68fd91c0\">\n                    <span>Invis\u00edvel<\/span>\n                <\/div>\n                            <div class=\"ct-tab-title \" data-target=\"#ct_tab_banner-68fd91c1\">\n                    <span>Est\u00e9tico<\/span>\n                <\/div>\n                            <div class=\"ct-tab-title \" data-target=\"#ct_tab_banner-68fd91c2\">\n                    <span>Autoligado<\/span>\n                <\/div>\n                            <div class=\"ct-tab-title \" data-target=\"#ct_tab_banner-68fd91c3\">\n                    <span>Met\u00e1lico<\/span>\n                <\/div>\n                            <div class=\"ct-tab-title \" data-target=\"#ct_tab_banner-68fd91c4\">\n                    <span>Ortop\u00e9dico<\/span>\n                <\/div>\n                    <\/div>\n        <div class=\"ct-tabs-content\">\n                            <div id=\"ct_tab_banner-68fd91c0\" class=\"ct-tab-content\" style=\"display: block;\">\n                    \n                    <div class=\"ct-tab-box\">\n                        <div class=\"ct-tab-box-holder bg-image\">  \n                            <h5 class=\"ct-tab-box-title\">Aparelho Dental Invis\u00edvel<\/h5>\n                            <div class=\"ct-tab-box-content\">Os alinhadores ou aparelhos invis\u00edveis, ou transparentes, constituem atualmente uma das op\u00e7\u00f5es mais requisitadas por pessoas em todo o mundo.  O tratamento consiste, na verdade, num conjunto de v\u00e1rios alinhadores, confecionados de forma personalizada para um determinado paciente, atrav\u00e9s do scaneamento de suas arcadas.  Esses alinhadores s\u00e3o trocados de 2 a 1 vez por semana, sendo usados novos com novos posicionamentos dent\u00e1rios.  \u00c9 a utiliza\u00e7\u00e3o sequencial destes alinhadores, com ligeiras diferen\u00e7as entre si, que ser\u00e1 ent\u00e3o respons\u00e1vel pela movimenta\u00e7\u00e3o progressiva dos dentes at\u00e9 ao resultado final.  O grande destaque do aparelho invis\u00edvel, quando comparado com os modelos tradicionais, \u00e9 como o pr\u00f3prio nome indica, a sua transpar\u00eancia que o torna praticamente impercet\u00edvel, mesmo em relativa proximidade. Tal traduz-se numa enorme vantagem em momentos sociais pois a est\u00e9tica do sorriso mant\u00e9m e n\u00e3o \u00e9 alterada como no caso de tratamentos com aparelhos fixos, que recorrem a brackets e arames. Estes alinhadores s\u00e3o tamb\u00e9m remov\u00edveis, podendo ser retirados em alguns momentos do dia, como durante as refei\u00e7\u00f5es e para realizar a higiene oral di\u00e1ria, que assim se torna assim mais facilitada, mas \u00e9 claro que seu uso para uma sequ\u00eancia adequada de tratamento dever\u00e1 ficar entorno de 20hs di\u00e1rias.<\/div>\n                                                    <\/div>\n                                                    <div class=\"ct-tab-image bg-image\" style=\"background-image: url(https:\/\/cristinadurao.com.br\/wp-content\/uploads\/2022\/03\/invisivel.jpg);\"><\/div>\n                                            <\/div>\n                    \n                <\/div>\n                            <div id=\"ct_tab_banner-68fd91c1\" class=\"ct-tab-content\" >\n                    \n                    <div class=\"ct-tab-box\">\n                        <div class=\"ct-tab-box-holder bg-image\">  \n                            <h5 class=\"ct-tab-box-title\">Aparelho est\u00e9tico: <\/h5>\n                            <div class=\"ct-tab-box-content\">Como op\u00e7\u00e3o temos os aparelhos de Porcelana e os de Safira, que s\u00e3o os braquetes da cor do dente. O aparelho de safira \u00e9 bem transparente e por isso fica muito discreto nos dentes, por essa transpar\u00eancia adapta-se bem a qualquer cor de dente. J\u00e1 o aparelho de porcelana tem uma cor mais leitosa. Ficam bem discretos tamb\u00e9m, mas dependendo da cor do dente pode  aparecer mais ou menos. A partir da sua consulta de diagn\u00f3stico de tratamento podemos escolher o que melhor se adapte a voc\u00ea.<\/div>\n                                                    <\/div>\n                                                    <div class=\"ct-tab-image bg-image\" style=\"background-image: url(https:\/\/cristinadurao.com.br\/wp-content\/uploads\/2022\/03\/aparelhoesttico1.jpg);\"><\/div>\n                                            <\/div>\n                    \n                <\/div>\n                            <div id=\"ct_tab_banner-68fd91c2\" class=\"ct-tab-content\" >\n                    \n                    <div class=\"ct-tab-box\">\n                        <div class=\"ct-tab-box-holder bg-image\">  \n                            <h5 class=\"ct-tab-box-title\">O que s\u00e3o?<\/h5>\n                            <div class=\"ct-tab-box-content\">Os aparelhos autoligados usam um sistema embutido para prender o arco aos braquetes. Voc\u00ea tamb\u00e9m pode ouvir este sistema chamado de braquetes autoligados. Aparelho autoligado \u00e9 uma vers\u00e3o parecida com o aparelho fixo tradicional, mas que n\u00e3o conta com as borrachinhas. Ele usa recursos mais inovadores nos br\u00e1quetes e no fio que liga todas as pe\u00e7as. Tudo isso proporciona um processo mais r\u00e1pido e eficiente.  O fato de n\u00e3o usar as borrachinhas, o contato entre fio e br\u00e1quete \u00e9 mais suave, o que n\u00e3o exige o uso de muita intensidade sobre os dentes. Dessa forma, o paciente ter\u00e1 resultados mais r\u00e1pidos, al\u00e9m de sentir menos desconforto a cada troca de fio na manuten\u00e7\u00e3o.<\/div>\n                                                    <\/div>\n                                                    <div class=\"ct-tab-image bg-image\" style=\"background-image: url(https:\/\/cristinadurao.com.br\/wp-content\/uploads\/2022\/03\/autoligados.webp);\"><\/div>\n                                            <\/div>\n                    \n                <\/div>\n                            <div id=\"ct_tab_banner-68fd91c3\" class=\"ct-tab-content\" >\n                    \n                    <div class=\"ct-tab-box\">\n                        <div class=\"ct-tab-box-holder bg-image\">  \n                            <h5 class=\"ct-tab-box-title\">Aparelho met\u00e1lico<\/h5>\n                            <div class=\"ct-tab-box-content\">\u00c9 o mais tradicional, sendo o mais vers\u00e1til e que aguenta melhor a mastiga\u00e7\u00e3o.  Associado a utiliza\u00e7\u00e3o de fios termoativados torna -se t\u00e3o moderno quanto ao lan\u00e7amento modernos n\u00e3o deixando para tr\u00e1s os conceitos funcionais e o que os pacientes tanto buscam que \u00e9 o tempo de tratamento.<\/div>\n                                                    <\/div>\n                                                    <div class=\"ct-tab-image bg-image\" style=\"background-image: url(https:\/\/cristinadurao.com.br\/wp-content\/uploads\/2022\/03\/ortodontia2.jpg);\"><\/div>\n                                            <\/div>\n                    \n                <\/div>\n                            <div id=\"ct_tab_banner-68fd91c4\" class=\"ct-tab-content\" >\n                    \n                    <div class=\"ct-tab-box\">\n                        <div class=\"ct-tab-box-holder bg-image\">  \n                            <h5 class=\"ct-tab-box-title\">O que \u00e9 Ortopedia Dentofacial?<\/h5>\n                            <div class=\"ct-tab-box-content\">Os aparelhos ortop\u00e9dicos visam o tratamento das altera\u00e7\u00f5es do desenvolvimento dent\u00e1rio e do crescimento da face. Quando existe um descompasso  e estamos ainda em fase de crescimento se torna a melhor op\u00e7\u00e3o de tratamento, prevenindo altera\u00e7\u00f5es faciais e at\u00e9 cirurgias.<\/div>\n                                                    <\/div>\n                                                    <div class=\"ct-tab-image bg-image\" style=\"background-image: url(https:\/\/cristinadurao.com.br\/wp-content\/uploads\/2022\/03\/ortopedia.jpg);\"><\/div>\n                                            <\/div>\n                    \n                <\/div>\n                    <\/div>\n    <\/div>\n\t\t<\/div>\n\t\t\t\t<\/div>\n\t\t            <\/div>\n        <\/div>\n                            <\/div>\n        <\/section>\n        \t\t\t\t\t<\/div>\n\t\t","protected":false},"excerpt":{"rendered":"<p>Aparelho Dental Invis\u00edvel Est\u00e9tico Autoligado Met\u00e1lico Ortop\u00e9dico O aparelho dent\u00e1rio, tamb\u00e9m chamado de aparelho ortod\u00f4ntico, \u00e9 utilizado para corrigir dentes tortos e desalinhados. Invis\u00edvel Est\u00e9tico Autoligado Met\u00e1lico Ortop\u00e9dico Aparelho Dental Invis\u00edvel Os alinhadores ou aparelhos invis\u00edveis, ou transparentes, constituem atualmente uma das op\u00e7\u00f5es mais requisitadas por pessoas em todo o mundo. O tratamento consiste, na [&hellip;]<\/p>\n","protected":false},"author":1,"featured_media":5867,"parent":0,"menu_order":0,"comment_status":"closed","ping_status":"closed","template":"","meta":{"footnotes":""},"class_list":["post-5961","page","type-page","status-publish","has-post-thumbnail","hentry"],"yoast_head":"<!-- This site is optimized with the Yoast SEO plugin v19.7.1 - https:\/\/yoast.com\/wordpress\/plugins\/seo\/ -->\n<title>Aparelhos dent\u00e1rios - Dra Cristina Dur\u00e3o<\/title>\n<meta name=\"robots\" content=\"index, follow, max-snippet:-1, max-image-preview:large, max-video-preview:-1\" \/>\n<link rel=\"canonical\" href=\"https:\/\/cristinadurao.com.br\/index.php\/aparelho-dental\/\" \/>\n<meta property=\"og:locale\" content=\"pt_BR\" \/>\n<meta property=\"og:type\" content=\"article\" \/>\n<meta property=\"og:title\" content=\"Aparelhos dent\u00e1rios - Dra Cristina Dur\u00e3o\" \/>\n<meta property=\"og:description\" content=\"Aparelho Dental Invis\u00edvel Est\u00e9tico Autoligado Met\u00e1lico Ortop\u00e9dico O aparelho dent\u00e1rio, tamb\u00e9m chamado de aparelho ortod\u00f4ntico, \u00e9 utilizado para corrigir dentes tortos e desalinhados. Invis\u00edvel Est\u00e9tico Autoligado Met\u00e1lico Ortop\u00e9dico Aparelho Dental Invis\u00edvel Os alinhadores ou aparelhos invis\u00edveis, ou transparentes, constituem atualmente uma das op\u00e7\u00f5es mais requisitadas por pessoas em todo o mundo. O tratamento consiste, na [&hellip;]\" \/>\n<meta property=\"og:url\" content=\"https:\/\/cristinadurao.com.br\/index.php\/aparelho-dental\/\" \/>\n<meta property=\"og:site_name\" content=\"Dra Cristina Dur\u00e3o\" \/>\n<meta property=\"article:modified_time\" content=\"2022-04-03T13:52:59+00:00\" \/>\n<meta property=\"og:image\" content=\"https:\/\/cristinadurao.com.br\/wp-content\/uploads\/2022\/03\/Captura-de-tela-2022-03-27-120947.png\" \/>\n\t<meta property=\"og:image:width\" content=\"408\" \/>\n\t<meta property=\"og:image:height\" content=\"562\" \/>\n\t<meta property=\"og:image:type\" content=\"image\/png\" \/>\n<meta name=\"twitter:card\" content=\"summary_large_image\" \/>\n<meta name=\"twitter:label1\" content=\"Est. tempo de leitura\" \/>\n\t<meta name=\"twitter:data1\" content=\"1 minuto\" \/>\n<script type=\"application\/ld+json\" class=\"yoast-schema-graph\">{\"@context\":\"https:\/\/schema.org\",\"@graph\":[{\"@type\":\"WebPage\",\"@id\":\"https:\/\/cristinadurao.com.br\/index.php\/aparelho-dental\/\",\"url\":\"https:\/\/cristinadurao.com.br\/index.php\/aparelho-dental\/\",\"name\":\"Aparelhos dent\u00e1rios - Dra Cristina Dur\u00e3o\",\"isPartOf\":{\"@id\":\"https:\/\/cristinadurao.com.br\/#website\"},\"datePublished\":\"2022-03-27T17:22:00+00:00\",\"dateModified\":\"2022-04-03T13:52:59+00:00\",\"breadcrumb\":{\"@id\":\"https:\/\/cristinadurao.com.br\/index.php\/aparelho-dental\/#breadcrumb\"},\"inLanguage\":\"pt-BR\",\"potentialAction\":[{\"@type\":\"ReadAction\",\"target\":[\"https:\/\/cristinadurao.com.br\/index.php\/aparelho-dental\/\"]}]},{\"@type\":\"BreadcrumbList\",\"@id\":\"https:\/\/cristinadurao.com.br\/index.php\/aparelho-dental\/#breadcrumb\",\"itemListElement\":[{\"@type\":\"ListItem\",\"position\":1,\"name\":\"In\u00edcio\",\"item\":\"https:\/\/cristinadurao.com.br\/\"},{\"@type\":\"ListItem\",\"position\":2,\"name\":\"Aparelhos dent\u00e1rios\"}]},{\"@type\":\"WebSite\",\"@id\":\"https:\/\/cristinadurao.com.br\/#website\",\"url\":\"https:\/\/cristinadurao.com.br\/\",\"name\":\"Dra Cristina Dur\u00e3o\",\"description\":\"Odontologia especializada\",\"potentialAction\":[{\"@type\":\"SearchAction\",\"target\":{\"@type\":\"EntryPoint\",\"urlTemplate\":\"https:\/\/cristinadurao.com.br\/?s={search_term_string}\"},\"query-input\":\"required name=search_term_string\"}],\"inLanguage\":\"pt-BR\"}]}<\/script>\n<!-- \/ Yoast SEO plugin. -->","yoast_head_json":{"title":"Aparelhos dent\u00e1rios - Dra Cristina Dur\u00e3o","robots":{"index":"index","follow":"follow","max-snippet":"max-snippet:-1","max-image-preview":"max-image-preview:large","max-video-preview":"max-video-preview:-1"},"canonical":"https:\/\/cristinadurao.com.br\/index.php\/aparelho-dental\/","og_locale":"pt_BR","og_type":"article","og_title":"Aparelhos dent\u00e1rios - Dra Cristina Dur\u00e3o","og_description":"Aparelho Dental Invis\u00edvel Est\u00e9tico Autoligado Met\u00e1lico Ortop\u00e9dico O aparelho dent\u00e1rio, tamb\u00e9m chamado de aparelho ortod\u00f4ntico, \u00e9 utilizado para corrigir dentes tortos e desalinhados. Invis\u00edvel Est\u00e9tico Autoligado Met\u00e1lico Ortop\u00e9dico Aparelho Dental Invis\u00edvel Os alinhadores ou aparelhos invis\u00edveis, ou transparentes, constituem atualmente uma das op\u00e7\u00f5es mais requisitadas por pessoas em todo o mundo. O tratamento consiste, na [&hellip;]","og_url":"https:\/\/cristinadurao.com.br\/index.php\/aparelho-dental\/","og_site_name":"Dra Cristina Dur\u00e3o","article_modified_time":"2022-04-03T13:52:59+00:00","og_image":[{"width":408,"height":562,"url":"https:\/\/cristinadurao.com.br\/wp-content\/uploads\/2022\/03\/Captura-de-tela-2022-03-27-120947.png","type":"image\/png"}],"twitter_card":"summary_large_image","twitter_misc":{"Est. tempo de leitura":"1 minuto"},"schema":{"@context":"https:\/\/schema.org","@graph":[{"@type":"WebPage","@id":"https:\/\/cristinadurao.com.br\/index.php\/aparelho-dental\/","url":"https:\/\/cristinadurao.com.br\/index.php\/aparelho-dental\/","name":"Aparelhos dent\u00e1rios - Dra Cristina Dur\u00e3o","isPartOf":{"@id":"https:\/\/cristinadurao.com.br\/#website"},"datePublished":"2022-03-27T17:22:00+00:00","dateModified":"2022-04-03T13:52:59+00:00","breadcrumb":{"@id":"https:\/\/cristinadurao.com.br\/index.php\/aparelho-dental\/#breadcrumb"},"inLanguage":"pt-BR","potentialAction":[{"@type":"ReadAction","target":["https:\/\/cristinadurao.com.br\/index.php\/aparelho-dental\/"]}]},{"@type":"BreadcrumbList","@id":"https:\/\/cristinadurao.com.br\/index.php\/aparelho-dental\/#breadcrumb","itemListElement":[{"@type":"ListItem","position":1,"name":"In\u00edcio","item":"https:\/\/cristinadurao.com.br\/"},{"@type":"ListItem","position":2,"name":"Aparelhos dent\u00e1rios"}]},{"@type":"WebSite","@id":"https:\/\/cristinadurao.com.br\/#website","url":"https:\/\/cristinadurao.com.br\/","name":"Dra Cristina Dur\u00e3o","description":"Odontologia especializada","potentialAction":[{"@type":"SearchAction","target":{"@type":"EntryPoint","urlTemplate":"https:\/\/cristinadurao.com.br\/?s={search_term_string}"},"query-input":"required name=search_term_string"}],"inLanguage":"pt-BR"}]}},"_links":{"self":[{"href":"https:\/\/cristinadurao.com.br\/index.php\/wp-json\/wp\/v2\/pages\/5961","targetHints":{"allow":["GET"]}}],"collection":[{"href":"https:\/\/cristinadurao.com.br\/index.php\/wp-json\/wp\/v2\/pages"}],"about":[{"href":"https:\/\/cristinadurao.com.br\/index.php\/wp-json\/wp\/v2\/types\/page"}],"author":[{"embeddable":true,"href":"https:\/\/cristinadurao.com.br\/index.php\/wp-json\/wp\/v2\/users\/1"}],"replies":[{"embeddable":true,"href":"https:\/\/cristinadurao.com.br\/index.php\/wp-json\/wp\/v2\/comments?post=5961"}],"version-history":[{"count":52,"href":"https:\/\/cristinadurao.com.br\/index.php\/wp-json\/wp\/v2\/pages\/5961\/revisions"}],"predecessor-version":[{"id":6265,"href":"https:\/\/cristinadurao.com.br\/index.php\/wp-json\/wp\/v2\/pages\/5961\/revisions\/6265"}],"wp:featuredmedia":[{"embeddable":true,"href":"https:\/\/cristinadurao.com.br\/index.php\/wp-json\/wp\/v2\/media\/5867"}],"wp:attachment":[{"href":"https:\/\/cristinadurao.com.br\/index.php\/wp-json\/wp\/v2\/media?parent=5961"}],"curies":[{"name":"wp","href":"https:\/\/api.w.org\/{rel}","templated":true}]}}