{"id":5972,"date":"2022-03-27T14:25:50","date_gmt":"2022-03-27T17:25:50","guid":{"rendered":"https:\/\/cristinadurao.com.br\/?page_id=5972"},"modified":"2022-03-27T19:51:48","modified_gmt":"2022-03-27T22:51:48","slug":"harmonizacao-facial","status":"publish","type":"page","link":"https:\/\/cristinadurao.com.br\/index.php\/harmonizacao-facial\/","title":{"rendered":"Harmoniza\u00e7\u00e3o Facial"},"content":{"rendered":"\t\t<div data-elementor-type=\"wp-page\" data-elementor-id=\"5972\" class=\"elementor elementor-5972\">\n\t\t\t\t\t\t\t        <section class=\"elementor-section elementor-top-section elementor-element elementor-element-2d7bd47 elementor-section-stretched elementor-section-boxed elementor-section-height-default elementor-section-height-default ct-header-fixed-none\" data-id=\"2d7bd47\" data-element_type=\"section\" data-settings=\"{&quot;stretch_section&quot;:&quot;section-stretched&quot;,&quot;background_background&quot;:&quot;classic&quot;}\">\n            \n                        <div class=\"elementor-container elementor-column-gap-extended \">\n                    <div class=\"elementor-column elementor-col-100 elementor-top-column elementor-element elementor-element-d99c28f\" data-id=\"d99c28f\" data-element_type=\"column\">\n            <div class=\"elementor-widget-wrap elementor-element-populated\">\n                                <section class=\"elementor-section elementor-inner-section elementor-element elementor-element-f712988 elementor-section-content-middle elementor-section-boxed elementor-section-height-default elementor-section-height-default ct-header-fixed-none\" data-id=\"f712988\" data-element_type=\"section\">\n            \n                        <div class=\"elementor-container elementor-column-gap-extended \">\n                    <div class=\"elementor-column elementor-col-50 elementor-inner-column elementor-element elementor-element-0129098\" data-id=\"0129098\" data-element_type=\"column\">\n            <div class=\"elementor-widget-wrap elementor-element-populated\">\n                        \t\t<div class=\"elementor-element elementor-element-cba0958 elementor-widget elementor-widget-ct_heading\" data-id=\"cba0958\" data-element_type=\"widget\" data-widget_type=\"ct_heading.default\">\n\t\t\t\t<div class=\"elementor-widget-container\">\n\t\t\t<div id=\"ct_heading-cba0958\" class=\"ct-heading h-align- ct-heading-left item-st-default\">\r\n\t<div class=\"ct-inline-css\"  data-css=\"\r\n        \">\r\n    <\/div>\r\n    \t\t<div class=\"item--sub-title st-default \" data-wow-delay=\"ms\">\r\n            <div class=\"item--sub-title-inner\">\r\n                                    <div class=\"icon-sub-title\">\r\n                        <svg version=\"1.0\" xmlns=\"http:\/\/www.w3.org\/2000\/svg\" viewBox=\"0 0 382.000000 382.000000\" preserveAspectRatio=\"xMidYMid meet\">\r\n                            <defs>\r\n                                <linearGradient id=\"sub-icon1\" x1=\"0%\" y1=\"0%\" x2=\"0%\" y2=\"100%\">\r\n                                      <stop offset=\"0%\" style=\"stop-color:#7f0000;stop-opacity:1\" \/>\r\n                                      <stop offset=\"100%\" style=\"stop-color:#9a0000;stop-opacity:1\" \/>\r\n                                <\/linearGradient>\r\n                              <\/defs>\r\n                            <g fill=\"url(#sub-icon1)\" transform=\"translate(0.000000,382.000000) scale(0.100000,-0.100000)\" fill=\"#000000\" stroke=\"none\"><path d=\"M1856 3797 c-20 -20 -23 -36 -29 -142 -50 -901 -761 -1612 -1662 -1662 -106 -6 -122 -9 -142 -29 -30 -30 -30 -78 0 -108 20 -20 36 -23 142 -29 901 -50 1612 -761 1662 -1662 6 -106 9 -122 29 -142 30 -30 78 -30 108 0 20 20 23 36 29 142 50 901 761 1612 1662 1662 106 6 122 9 142 29 30 30 30 78 0 108 -20 20 -36 23 -142 29 -901 50 -1612 761 -1662 1662 -6 106 -9 122 -29 142 -14 14 -35 23 -54 23 -19 0 -40 -9 -54 -23z\"\/><\/g>\r\n                        <\/svg>\r\n                        <svg version=\"1.0\" xmlns=\"http:\/\/www.w3.org\/2000\/svg\" viewBox=\"0 0 382.000000 382.000000\" preserveAspectRatio=\"xMidYMid meet\">\r\n                            <defs>\r\n                                <linearGradient id=\"sub-icon2\" x1=\"0%\" y1=\"0%\" x2=\"0%\" y2=\"100%\">\r\n                                      <stop offset=\"0%\" style=\"stop-color:#7f0000;stop-opacity:1\" \/>\r\n                                      <stop offset=\"100%\" style=\"stop-color:#9a0000;stop-opacity:1\" \/>\r\n                                <\/linearGradient>\r\n                              <\/defs>\r\n                            <g fill=\"url(#sub-icon2)\" transform=\"translate(0.000000,382.000000) scale(0.100000,-0.100000)\" fill=\"#000000\" stroke=\"none\"><path d=\"M1856 3797 c-20 -20 -23 -36 -29 -142 -50 -901 -761 -1612 -1662 -1662 -106 -6 -122 -9 -142 -29 -30 -30 -30 -78 0 -108 20 -20 36 -23 142 -29 901 -50 1612 -761 1662 -1662 6 -106 9 -122 29 -142 30 -30 78 -30 108 0 20 20 23 36 29 142 50 901 761 1612 1662 1662 106 6 122 9 142 29 30 30 30 78 0 108 -20 20 -36 23 -142 29 -901 50 -1612 761 -1662 1662 -6 106 -9 122 -29 142 -14 14 -35 23 -54 23 -19 0 -40 -9 -54 -23z\"\/><\/g>\r\n                        <\/svg>\r\n                        <svg version=\"1.0\" xmlns=\"http:\/\/www.w3.org\/2000\/svg\" viewBox=\"0 0 382.000000 382.000000\" preserveAspectRatio=\"xMidYMid meet\">\r\n                            <defs>\r\n                                <linearGradient id=\"sub-icon3\" x1=\"0%\" y1=\"0%\" x2=\"0%\" y2=\"100%\">\r\n                                      <stop offset=\"0%\" style=\"stop-color:#7f0000;stop-opacity:1\" \/>\r\n                                      <stop offset=\"100%\" style=\"stop-color:#9a0000;stop-opacity:1\" \/>\r\n                                <\/linearGradient>\r\n                              <\/defs>\r\n                            <g fill=\"url(#sub-icon3)\" transform=\"translate(0.000000,382.000000) scale(0.100000,-0.100000)\" fill=\"#000000\" stroke=\"none\"><path d=\"M1856 3797 c-20 -20 -23 -36 -29 -142 -50 -901 -761 -1612 -1662 -1662 -106 -6 -122 -9 -142 -29 -30 -30 -30 -78 0 -108 20 -20 36 -23 142 -29 901 -50 1612 -761 1662 -1662 6 -106 9 -122 29 -142 30 -30 78 -30 108 0 20 20 23 36 29 142 50 901 761 1612 1662 1662 106 6 122 9 142 29 30 30 30 78 0 108 -20 20 -36 23 -142 29 -901 50 -1612 761 -1662 1662 -6 106 -9 122 -29 142 -14 14 -35 23 -54 23 -19 0 -40 -9 -54 -23z\"\/><\/g>\r\n                        <\/svg>\r\n                    <\/div>\r\n                                Harmoniza\u00e7\u00e3o Facial            <\/div>\r\n        <\/div>\r\n\t    <h6 class=\"item--title  st-default \" data-wow-delay=\"ms\">\r\n        <span class=\"ct-text-inner\"> 1-Fios de sustenta\u00e7\u00e3o<br>\n2-Bioestimulador<br>\n3-Botox<br>\n4-Preenchimento<br>\n5-Rejuvenescimento Facial<\/span>    <\/h6>\r\n<\/div>\t\t<\/div>\n\t\t\t\t<\/div>\n\t\t            <\/div>\n        <\/div>\n                <div class=\"elementor-column elementor-col-50 elementor-inner-column elementor-element elementor-element-739bb70\" data-id=\"739bb70\" data-element_type=\"column\">\n            <div class=\"elementor-widget-wrap elementor-element-populated\">\n                        \t\t<div class=\"elementor-element elementor-element-00608b1 elementor-widget elementor-widget-ct_text_editor\" data-id=\"00608b1\" data-element_type=\"widget\" data-widget_type=\"ct_text_editor.default\">\n\t\t\t\t<div class=\"elementor-widget-container\">\n\t\t\t<div id=\"ct_text_editor-00608b1\" class=\"ct-text-editor \" data-wow-delay=\"ms\">\n\t<div class=\"ct-inline-css\"  data-css=\"\n        \t\t\">\n\n    <\/div>\n\t<div class=\"ct-text-editor elementor-clearfix\">\n\t\t<p>\u00c9 um conjunto de procedimentos est\u00e9ticos realizados com o objetivo de harmonizar a face, buscando um equil\u00edbrio funcional e est\u00e9tico integrado.<\/p>\t\t\n\t<\/div>\n<\/div>\t\t<\/div>\n\t\t\t\t<\/div>\n\t\t            <\/div>\n        <\/div>\n                            <\/div>\n        <\/section>\n        \t\t<div class=\"elementor-element elementor-element-68fd91c elementor-widget elementor-widget-ct_tab_banner\" data-id=\"68fd91c\" data-element_type=\"widget\" data-widget_type=\"ct_tab_banner.default\">\n\t\t\t\t<div class=\"elementor-widget-container\">\n\t\t\t    <div class=\"ct-tabs ct-tab-banner1\">\n        <div class=\"ct-tabs-title\">\n                            <div class=\"ct-tab-title active\" data-target=\"#ct_tab_banner-68fd91c0\">\n                    <span>Fios de sustenta\u00e7\u00e3o<\/span>\n                <\/div>\n                            <div class=\"ct-tab-title \" data-target=\"#ct_tab_banner-68fd91c1\">\n                    <span>Bioestimulador<\/span>\n                <\/div>\n                            <div class=\"ct-tab-title \" data-target=\"#ct_tab_banner-68fd91c2\">\n                    <span>Botox<\/span>\n                <\/div>\n                            <div class=\"ct-tab-title \" data-target=\"#ct_tab_banner-68fd91c3\">\n                    <span>Preenchimento<\/span>\n                <\/div>\n                            <div class=\"ct-tab-title \" data-target=\"#ct_tab_banner-68fd91c4\">\n                    <span>Rejuvenescimento Facial<\/span>\n                <\/div>\n                    <\/div>\n        <div class=\"ct-tabs-content\">\n                            <div id=\"ct_tab_banner-68fd91c0\" class=\"ct-tab-content\" style=\"display: block;\">\n                    \n                    <div class=\"ct-tab-box\">\n                        <div class=\"ct-tab-box-holder bg-image\">  \n                            <h5 class=\"ct-tab-box-title\">Fios de sustenta\u00e7\u00e3o<\/h5>\n                            <div class=\"ct-tab-box-content\">Fios de PDO utilizados para tratamento da flacidez, destinados \u00e0 estimula\u00e7\u00e3o de col\u00e1geno e defini\u00e7\u00e3o do contorno facial, atua como um lifting n\u00e3o cir\u00fargico. Realizado dentro de uma hora e que permite retorno a rotina no mesmo dia.<\/div>\n                                                    <\/div>\n                                                    <div class=\"ct-tab-image bg-image\" style=\"background-image: url(https:\/\/cristinadurao.com.br\/wp-content\/uploads\/2022\/03\/fios-sustentacao-07-1500x937-1.webp);\"><\/div>\n                                            <\/div>\n                    \n                <\/div>\n                            <div id=\"ct_tab_banner-68fd91c1\" class=\"ct-tab-content\" >\n                    \n                    <div class=\"ct-tab-box\">\n                        <div class=\"ct-tab-box-holder bg-image\">  \n                            <h5 class=\"ct-tab-box-title\">Bioestimuladores<\/h5>\n                            <div class=\"ct-tab-box-content\">Bioestimuladores s\u00e3o subst\u00e2ncias que estimulam a produ\u00e7\u00e3o de col\u00e1geno quando injetadas em determinadas camadas da pele.<\/div>\n                                                    <\/div>\n                                                    <div class=\"ct-tab-image bg-image\" style=\"background-image: url(https:\/\/cristinadurao.com.br\/wp-content\/uploads\/2022\/03\/Sculptra-Bioestimulador-de-colageno-capa-2-1024x528-1.jpg);\"><\/div>\n                                            <\/div>\n                    \n                <\/div>\n                            <div id=\"ct_tab_banner-68fd91c2\" class=\"ct-tab-content\" >\n                    \n                    <div class=\"ct-tab-box\">\n                        <div class=\"ct-tab-box-holder bg-image\">  \n                            <h5 class=\"ct-tab-box-title\">Botox<\/h5>\n                            <div class=\"ct-tab-box-content\">Ao injetar quantidades m\u00ednimas da toxina em m\u00fasculos faciais espec\u00edficos, o impulso \u00e9 bloqueado e, temporariamente, o m\u00fasculo fica mais fraco e reduz o enrugamento da pele, dando-lhe uma apar\u00eancia mais jovem e descansada.<\/div>\n                                                    <\/div>\n                                                    <div class=\"ct-tab-image bg-image\" style=\"background-image: url(https:\/\/cristinadurao.com.br\/wp-content\/uploads\/2022\/03\/botox-1500x937-1.webp);\"><\/div>\n                                            <\/div>\n                    \n                <\/div>\n                            <div id=\"ct_tab_banner-68fd91c3\" class=\"ct-tab-content\" >\n                    \n                    <div class=\"ct-tab-box\">\n                        <div class=\"ct-tab-box-holder bg-image\">  \n                            <h5 class=\"ct-tab-box-title\">Preenchimento<\/h5>\n                            <div class=\"ct-tab-box-content\">\u00c9 um procedimento para embelezamento e reestrutura\u00e7\u00e3o da face. O \u00e1cido hialur\u00f4nico \u00e9 uma das subst\u00e2ncias usadas para esta finalidade. Com esse tratamento podemos aumentar volume, dar proje\u00e7\u00e3o, corrigir imperfei\u00e7\u00f5es e melhorar funcionalmente a face.<\/div>\n                                                    <\/div>\n                                                    <div class=\"ct-tab-image bg-image\" style=\"background-image: url(https:\/\/cristinadurao.com.br\/wp-content\/uploads\/2022\/03\/4-preenchimento-facial.png);\"><\/div>\n                                            <\/div>\n                    \n                <\/div>\n                            <div id=\"ct_tab_banner-68fd91c4\" class=\"ct-tab-content\" >\n                    \n                    <div class=\"ct-tab-box\">\n                        <div class=\"ct-tab-box-holder bg-image\">  \n                            <h5 class=\"ct-tab-box-title\">Rejuvenescimento Facial<\/h5>\n                            <div class=\"ct-tab-box-content\">Obter um rosto natural e harmonioso.\n\n\n\n\n\n\n\n\n\n\n\n<\/div>\n                                                    <\/div>\n                                                    <div class=\"ct-tab-image bg-image\" style=\"background-image: url(https:\/\/cristinadurao.com.br\/wp-content\/uploads\/2022\/03\/Real-Results_Facial_Harmonization.jpg);\"><\/div>\n                                            <\/div>\n                    \n                <\/div>\n                    <\/div>\n    <\/div>\n\t\t<\/div>\n\t\t\t\t<\/div>\n\t\t            <\/div>\n        <\/div>\n                            <\/div>\n        <\/section>\n        \t\t\t\t\t<\/div>\n\t\t","protected":false},"excerpt":{"rendered":"<p>Harmoniza\u00e7\u00e3o Facial 1-Fios de sustenta\u00e7\u00e3o 2-Bioestimulador 3-Botox 4-Preenchimento 5-Rejuvenescimento Facial \u00c9 um conjunto de procedimentos est\u00e9ticos realizados com o objetivo de harmonizar a face, buscando um equil\u00edbrio funcional e est\u00e9tico integrado. Fios de sustenta\u00e7\u00e3o Bioestimulador Botox Preenchimento Rejuvenescimento Facial Fios de sustenta\u00e7\u00e3o Fios de PDO utilizados para tratamento da flacidez, destinados \u00e0 estimula\u00e7\u00e3o de col\u00e1geno [&hellip;]<\/p>\n","protected":false},"author":1,"featured_media":5862,"parent":0,"menu_order":0,"comment_status":"closed","ping_status":"closed","template":"","meta":{"footnotes":""},"class_list":["post-5972","page","type-page","status-publish","has-post-thumbnail","hentry"],"yoast_head":"<!-- This site is optimized with the Yoast SEO plugin v19.7.1 - https:\/\/yoast.com\/wordpress\/plugins\/seo\/ -->\n<title>Harmoniza\u00e7\u00e3o Facial - Dra Cristina Dur\u00e3o<\/title>\n<meta name=\"robots\" content=\"index, follow, max-snippet:-1, max-image-preview:large, max-video-preview:-1\" \/>\n<link rel=\"canonical\" href=\"https:\/\/cristinadurao.com.br\/index.php\/harmonizacao-facial\/\" \/>\n<meta property=\"og:locale\" content=\"pt_BR\" \/>\n<meta property=\"og:type\" content=\"article\" \/>\n<meta property=\"og:title\" content=\"Harmoniza\u00e7\u00e3o Facial - Dra Cristina Dur\u00e3o\" \/>\n<meta property=\"og:description\" content=\"Harmoniza\u00e7\u00e3o Facial 1-Fios de sustenta\u00e7\u00e3o 2-Bioestimulador 3-Botox 4-Preenchimento 5-Rejuvenescimento Facial \u00c9 um conjunto de procedimentos est\u00e9ticos realizados com o objetivo de harmonizar a face, buscando um equil\u00edbrio funcional e est\u00e9tico integrado. Fios de sustenta\u00e7\u00e3o Bioestimulador Botox Preenchimento Rejuvenescimento Facial Fios de sustenta\u00e7\u00e3o Fios de PDO utilizados para tratamento da flacidez, destinados \u00e0 estimula\u00e7\u00e3o de col\u00e1geno [&hellip;]\" \/>\n<meta property=\"og:url\" content=\"https:\/\/cristinadurao.com.br\/index.php\/harmonizacao-facial\/\" \/>\n<meta property=\"og:site_name\" content=\"Dra Cristina Dur\u00e3o\" \/>\n<meta property=\"article:modified_time\" content=\"2022-03-27T22:51:48+00:00\" \/>\n<meta property=\"og:image\" content=\"https:\/\/cristinadurao.com.br\/wp-content\/uploads\/2022\/03\/Captura-de-tela-2022-03-27-120629.png\" \/>\n\t<meta property=\"og:image:width\" content=\"847\" \/>\n\t<meta property=\"og:image:height\" content=\"337\" \/>\n\t<meta property=\"og:image:type\" content=\"image\/png\" \/>\n<meta name=\"twitter:card\" content=\"summary_large_image\" \/>\n<meta name=\"twitter:label1\" content=\"Est. tempo de leitura\" \/>\n\t<meta name=\"twitter:data1\" content=\"1 minuto\" \/>\n<script type=\"application\/ld+json\" class=\"yoast-schema-graph\">{\"@context\":\"https:\/\/schema.org\",\"@graph\":[{\"@type\":\"WebPage\",\"@id\":\"https:\/\/cristinadurao.com.br\/index.php\/harmonizacao-facial\/\",\"url\":\"https:\/\/cristinadurao.com.br\/index.php\/harmonizacao-facial\/\",\"name\":\"Harmoniza\u00e7\u00e3o Facial - Dra Cristina Dur\u00e3o\",\"isPartOf\":{\"@id\":\"https:\/\/cristinadurao.com.br\/#website\"},\"datePublished\":\"2022-03-27T17:25:50+00:00\",\"dateModified\":\"2022-03-27T22:51:48+00:00\",\"breadcrumb\":{\"@id\":\"https:\/\/cristinadurao.com.br\/index.php\/harmonizacao-facial\/#breadcrumb\"},\"inLanguage\":\"pt-BR\",\"potentialAction\":[{\"@type\":\"ReadAction\",\"target\":[\"https:\/\/cristinadurao.com.br\/index.php\/harmonizacao-facial\/\"]}]},{\"@type\":\"BreadcrumbList\",\"@id\":\"https:\/\/cristinadurao.com.br\/index.php\/harmonizacao-facial\/#breadcrumb\",\"itemListElement\":[{\"@type\":\"ListItem\",\"position\":1,\"name\":\"In\u00edcio\",\"item\":\"https:\/\/cristinadurao.com.br\/\"},{\"@type\":\"ListItem\",\"position\":2,\"name\":\"Harmoniza\u00e7\u00e3o Facial\"}]},{\"@type\":\"WebSite\",\"@id\":\"https:\/\/cristinadurao.com.br\/#website\",\"url\":\"https:\/\/cristinadurao.com.br\/\",\"name\":\"Dra Cristina Dur\u00e3o\",\"description\":\"Odontologia especializada\",\"potentialAction\":[{\"@type\":\"SearchAction\",\"target\":{\"@type\":\"EntryPoint\",\"urlTemplate\":\"https:\/\/cristinadurao.com.br\/?s={search_term_string}\"},\"query-input\":\"required name=search_term_string\"}],\"inLanguage\":\"pt-BR\"}]}<\/script>\n<!-- \/ Yoast SEO plugin. -->","yoast_head_json":{"title":"Harmoniza\u00e7\u00e3o Facial - Dra Cristina Dur\u00e3o","robots":{"index":"index","follow":"follow","max-snippet":"max-snippet:-1","max-image-preview":"max-image-preview:large","max-video-preview":"max-video-preview:-1"},"canonical":"https:\/\/cristinadurao.com.br\/index.php\/harmonizacao-facial\/","og_locale":"pt_BR","og_type":"article","og_title":"Harmoniza\u00e7\u00e3o Facial - Dra Cristina Dur\u00e3o","og_description":"Harmoniza\u00e7\u00e3o Facial 1-Fios de sustenta\u00e7\u00e3o 2-Bioestimulador 3-Botox 4-Preenchimento 5-Rejuvenescimento Facial \u00c9 um conjunto de procedimentos est\u00e9ticos realizados com o objetivo de harmonizar a face, buscando um equil\u00edbrio funcional e est\u00e9tico integrado. Fios de sustenta\u00e7\u00e3o Bioestimulador Botox Preenchimento Rejuvenescimento Facial Fios de sustenta\u00e7\u00e3o Fios de PDO utilizados para tratamento da flacidez, destinados \u00e0 estimula\u00e7\u00e3o de col\u00e1geno [&hellip;]","og_url":"https:\/\/cristinadurao.com.br\/index.php\/harmonizacao-facial\/","og_site_name":"Dra Cristina Dur\u00e3o","article_modified_time":"2022-03-27T22:51:48+00:00","og_image":[{"width":847,"height":337,"url":"https:\/\/cristinadurao.com.br\/wp-content\/uploads\/2022\/03\/Captura-de-tela-2022-03-27-120629.png","type":"image\/png"}],"twitter_card":"summary_large_image","twitter_misc":{"Est. tempo de leitura":"1 minuto"},"schema":{"@context":"https:\/\/schema.org","@graph":[{"@type":"WebPage","@id":"https:\/\/cristinadurao.com.br\/index.php\/harmonizacao-facial\/","url":"https:\/\/cristinadurao.com.br\/index.php\/harmonizacao-facial\/","name":"Harmoniza\u00e7\u00e3o Facial - Dra Cristina Dur\u00e3o","isPartOf":{"@id":"https:\/\/cristinadurao.com.br\/#website"},"datePublished":"2022-03-27T17:25:50+00:00","dateModified":"2022-03-27T22:51:48+00:00","breadcrumb":{"@id":"https:\/\/cristinadurao.com.br\/index.php\/harmonizacao-facial\/#breadcrumb"},"inLanguage":"pt-BR","potentialAction":[{"@type":"ReadAction","target":["https:\/\/cristinadurao.com.br\/index.php\/harmonizacao-facial\/"]}]},{"@type":"BreadcrumbList","@id":"https:\/\/cristinadurao.com.br\/index.php\/harmonizacao-facial\/#breadcrumb","itemListElement":[{"@type":"ListItem","position":1,"name":"In\u00edcio","item":"https:\/\/cristinadurao.com.br\/"},{"@type":"ListItem","position":2,"name":"Harmoniza\u00e7\u00e3o Facial"}]},{"@type":"WebSite","@id":"https:\/\/cristinadurao.com.br\/#website","url":"https:\/\/cristinadurao.com.br\/","name":"Dra Cristina Dur\u00e3o","description":"Odontologia especializada","potentialAction":[{"@type":"SearchAction","target":{"@type":"EntryPoint","urlTemplate":"https:\/\/cristinadurao.com.br\/?s={search_term_string}"},"query-input":"required name=search_term_string"}],"inLanguage":"pt-BR"}]}},"_links":{"self":[{"href":"https:\/\/cristinadurao.com.br\/index.php\/wp-json\/wp\/v2\/pages\/5972","targetHints":{"allow":["GET"]}}],"collection":[{"href":"https:\/\/cristinadurao.com.br\/index.php\/wp-json\/wp\/v2\/pages"}],"about":[{"href":"https:\/\/cristinadurao.com.br\/index.php\/wp-json\/wp\/v2\/types\/page"}],"author":[{"embeddable":true,"href":"https:\/\/cristinadurao.com.br\/index.php\/wp-json\/wp\/v2\/users\/1"}],"replies":[{"embeddable":true,"href":"https:\/\/cristinadurao.com.br\/index.php\/wp-json\/wp\/v2\/comments?post=5972"}],"version-history":[{"count":26,"href":"https:\/\/cristinadurao.com.br\/index.php\/wp-json\/wp\/v2\/pages\/5972\/revisions"}],"predecessor-version":[{"id":6179,"href":"https:\/\/cristinadurao.com.br\/index.php\/wp-json\/wp\/v2\/pages\/5972\/revisions\/6179"}],"wp:featuredmedia":[{"embeddable":true,"href":"https:\/\/cristinadurao.com.br\/index.php\/wp-json\/wp\/v2\/media\/5862"}],"wp:attachment":[{"href":"https:\/\/cristinadurao.com.br\/index.php\/wp-json\/wp\/v2\/media?parent=5972"}],"curies":[{"name":"wp","href":"https:\/\/api.w.org\/{rel}","templated":true}]}}