{"id":5974,"date":"2022-03-27T14:26:21","date_gmt":"2022-03-27T17:26:21","guid":{"rendered":"https:\/\/cristinadurao.com.br\/?page_id=5974"},"modified":"2022-04-03T10:44:30","modified_gmt":"2022-04-03T13:44:30","slug":"cuidados-dental","status":"publish","type":"page","link":"https:\/\/cristinadurao.com.br\/index.php\/cuidados-dental\/","title":{"rendered":"Odontologia cl\u00ednica"},"content":{"rendered":"\t\t<div data-elementor-type=\"wp-page\" data-elementor-id=\"5974\" class=\"elementor elementor-5974\">\n\t\t\t\t\t\t\t        <section class=\"elementor-section elementor-top-section elementor-element elementor-element-2d7bd47 elementor-section-stretched elementor-section-boxed elementor-section-height-default elementor-section-height-default ct-header-fixed-none\" data-id=\"2d7bd47\" data-element_type=\"section\" data-settings=\"{&quot;stretch_section&quot;:&quot;section-stretched&quot;,&quot;background_background&quot;:&quot;classic&quot;}\">\n            \n                        <div class=\"elementor-container elementor-column-gap-extended \">\n                    <div class=\"elementor-column elementor-col-100 elementor-top-column elementor-element elementor-element-d99c28f\" data-id=\"d99c28f\" data-element_type=\"column\">\n            <div class=\"elementor-widget-wrap elementor-element-populated\">\n                                <section class=\"elementor-section elementor-inner-section elementor-element elementor-element-f712988 elementor-section-content-middle elementor-section-boxed elementor-section-height-default elementor-section-height-default ct-header-fixed-none\" data-id=\"f712988\" data-element_type=\"section\">\n            \n                        <div class=\"elementor-container elementor-column-gap-extended \">\n                    <div class=\"elementor-column elementor-col-50 elementor-inner-column elementor-element elementor-element-0129098\" data-id=\"0129098\" data-element_type=\"column\">\n            <div class=\"elementor-widget-wrap elementor-element-populated\">\n                        \t\t<div class=\"elementor-element elementor-element-cba0958 elementor-widget elementor-widget-ct_heading\" data-id=\"cba0958\" data-element_type=\"widget\" data-widget_type=\"ct_heading.default\">\n\t\t\t\t<div class=\"elementor-widget-container\">\n\t\t\t<div id=\"ct_heading-cba0958\" class=\"ct-heading h-align- ct-heading-left item-st-default\">\r\n\t<div class=\"ct-inline-css\"  data-css=\"\r\n        \">\r\n    <\/div>\r\n    \t\t<div class=\"item--sub-title st-default \" data-wow-delay=\"ms\">\r\n            <div class=\"item--sub-title-inner\">\r\n                                    <div class=\"icon-sub-title\">\r\n                        <svg version=\"1.0\" xmlns=\"http:\/\/www.w3.org\/2000\/svg\" viewBox=\"0 0 382.000000 382.000000\" preserveAspectRatio=\"xMidYMid meet\">\r\n                            <defs>\r\n                                <linearGradient id=\"sub-icon1\" x1=\"0%\" y1=\"0%\" x2=\"0%\" y2=\"100%\">\r\n                                      <stop offset=\"0%\" style=\"stop-color:#7f0000;stop-opacity:1\" \/>\r\n                                      <stop offset=\"100%\" style=\"stop-color:#9a0000;stop-opacity:1\" \/>\r\n                                <\/linearGradient>\r\n                              <\/defs>\r\n                            <g fill=\"url(#sub-icon1)\" transform=\"translate(0.000000,382.000000) scale(0.100000,-0.100000)\" fill=\"#000000\" stroke=\"none\"><path d=\"M1856 3797 c-20 -20 -23 -36 -29 -142 -50 -901 -761 -1612 -1662 -1662 -106 -6 -122 -9 -142 -29 -30 -30 -30 -78 0 -108 20 -20 36 -23 142 -29 901 -50 1612 -761 1662 -1662 6 -106 9 -122 29 -142 30 -30 78 -30 108 0 20 20 23 36 29 142 50 901 761 1612 1662 1662 106 6 122 9 142 29 30 30 30 78 0 108 -20 20 -36 23 -142 29 -901 50 -1612 761 -1662 1662 -6 106 -9 122 -29 142 -14 14 -35 23 -54 23 -19 0 -40 -9 -54 -23z\"\/><\/g>\r\n                        <\/svg>\r\n                        <svg version=\"1.0\" xmlns=\"http:\/\/www.w3.org\/2000\/svg\" viewBox=\"0 0 382.000000 382.000000\" preserveAspectRatio=\"xMidYMid meet\">\r\n                            <defs>\r\n                                <linearGradient id=\"sub-icon2\" x1=\"0%\" y1=\"0%\" x2=\"0%\" y2=\"100%\">\r\n                                      <stop offset=\"0%\" style=\"stop-color:#7f0000;stop-opacity:1\" \/>\r\n                                      <stop offset=\"100%\" style=\"stop-color:#9a0000;stop-opacity:1\" \/>\r\n                                <\/linearGradient>\r\n                              <\/defs>\r\n                            <g fill=\"url(#sub-icon2)\" transform=\"translate(0.000000,382.000000) scale(0.100000,-0.100000)\" fill=\"#000000\" stroke=\"none\"><path d=\"M1856 3797 c-20 -20 -23 -36 -29 -142 -50 -901 -761 -1612 -1662 -1662 -106 -6 -122 -9 -142 -29 -30 -30 -30 -78 0 -108 20 -20 36 -23 142 -29 901 -50 1612 -761 1662 -1662 6 -106 9 -122 29 -142 30 -30 78 -30 108 0 20 20 23 36 29 142 50 901 761 1612 1662 1662 106 6 122 9 142 29 30 30 30 78 0 108 -20 20 -36 23 -142 29 -901 50 -1612 761 -1662 1662 -6 106 -9 122 -29 142 -14 14 -35 23 -54 23 -19 0 -40 -9 -54 -23z\"\/><\/g>\r\n                        <\/svg>\r\n                        <svg version=\"1.0\" xmlns=\"http:\/\/www.w3.org\/2000\/svg\" viewBox=\"0 0 382.000000 382.000000\" preserveAspectRatio=\"xMidYMid meet\">\r\n                            <defs>\r\n                                <linearGradient id=\"sub-icon3\" x1=\"0%\" y1=\"0%\" x2=\"0%\" y2=\"100%\">\r\n                                      <stop offset=\"0%\" style=\"stop-color:#7f0000;stop-opacity:1\" \/>\r\n                                      <stop offset=\"100%\" style=\"stop-color:#9a0000;stop-opacity:1\" \/>\r\n                                <\/linearGradient>\r\n                              <\/defs>\r\n                            <g fill=\"url(#sub-icon3)\" transform=\"translate(0.000000,382.000000) scale(0.100000,-0.100000)\" fill=\"#000000\" stroke=\"none\"><path d=\"M1856 3797 c-20 -20 -23 -36 -29 -142 -50 -901 -761 -1612 -1662 -1662 -106 -6 -122 -9 -142 -29 -30 -30 -30 -78 0 -108 20 -20 36 -23 142 -29 901 -50 1612 -761 1662 -1662 6 -106 9 -122 29 -142 30 -30 78 -30 108 0 20 20 23 36 29 142 50 901 761 1612 1662 1662 106 6 122 9 142 29 30 30 30 78 0 108 -20 20 -36 23 -142 29 -901 50 -1612 761 -1662 1662 -6 106 -9 122 -29 142 -14 14 -35 23 -54 23 -19 0 -40 -9 -54 -23z\"\/><\/g>\r\n                        <\/svg>\r\n                    <\/div>\r\n                                Cuidados Dental            <\/div>\r\n        <\/div>\r\n\t    <h6 class=\"item--title  st-default \" data-wow-delay=\"ms\">\r\n        <span class=\"ct-text-inner\">Clareamento<br>\nObtura\u00e7\u00f5es<br>\nLimpeza<br>\nExtra\u00e7\u00f5es<br>\nImplantes<br>\nPlaca de Bruxismo<br>\nCoroa &#8211; Lentes &#8211; Facetas<\/span>    <\/h6>\r\n<\/div>\t\t<\/div>\n\t\t\t\t<\/div>\n\t\t            <\/div>\n        <\/div>\n                <div class=\"elementor-column elementor-col-50 elementor-inner-column elementor-element elementor-element-739bb70\" data-id=\"739bb70\" data-element_type=\"column\">\n            <div class=\"elementor-widget-wrap elementor-element-populated\">\n                        \t\t<div class=\"elementor-element elementor-element-00608b1 elementor-widget elementor-widget-ct_text_editor\" data-id=\"00608b1\" data-element_type=\"widget\" data-widget_type=\"ct_text_editor.default\">\n\t\t\t\t<div class=\"elementor-widget-container\">\n\t\t\t<div id=\"ct_text_editor-00608b1\" class=\"ct-text-editor \" data-wow-delay=\"ms\">\n\t<div class=\"ct-inline-css\"  data-css=\"\n        \t\t\">\n\n    <\/div>\n\t<div class=\"ct-text-editor elementor-clearfix\">\n\t\t<p>A higiene oral \u00e9 essencial para crian\u00e7as, adultos e idosos.<\/p>\t\t\n\t<\/div>\n<\/div>\t\t<\/div>\n\t\t\t\t<\/div>\n\t\t            <\/div>\n        <\/div>\n                            <\/div>\n        <\/section>\n        \t\t<div class=\"elementor-element elementor-element-68fd91c elementor-widget elementor-widget-ct_tab_banner\" data-id=\"68fd91c\" data-element_type=\"widget\" data-widget_type=\"ct_tab_banner.default\">\n\t\t\t\t<div class=\"elementor-widget-container\">\n\t\t\t    <div class=\"ct-tabs ct-tab-banner1\">\n        <div class=\"ct-tabs-title\">\n                            <div class=\"ct-tab-title active\" data-target=\"#ct_tab_banner-68fd91c0\">\n                    <span>Clareamento<\/span>\n                <\/div>\n                            <div class=\"ct-tab-title \" data-target=\"#ct_tab_banner-68fd91c1\">\n                    <span>Obtura\u00e7\u00f5es<\/span>\n                <\/div>\n                            <div class=\"ct-tab-title \" data-target=\"#ct_tab_banner-68fd91c2\">\n                    <span>Limpeza<\/span>\n                <\/div>\n                            <div class=\"ct-tab-title \" data-target=\"#ct_tab_banner-68fd91c3\">\n                    <span>Extra\u00e7\u00f5es<\/span>\n                <\/div>\n                            <div class=\"ct-tab-title \" data-target=\"#ct_tab_banner-68fd91c4\">\n                    <span>Implantes<\/span>\n                <\/div>\n                            <div class=\"ct-tab-title \" data-target=\"#ct_tab_banner-68fd91c5\">\n                    <span>Placa de Bruxismo<\/span>\n                <\/div>\n                            <div class=\"ct-tab-title \" data-target=\"#ct_tab_banner-68fd91c6\">\n                    <span>Coroa Lentes Facetas<\/span>\n                <\/div>\n                    <\/div>\n        <div class=\"ct-tabs-content\">\n                            <div id=\"ct_tab_banner-68fd91c0\" class=\"ct-tab-content\" style=\"display: block;\">\n                    \n                    <div class=\"ct-tab-box\">\n                        <div class=\"ct-tab-box-holder bg-image\">  \n                            <h5 class=\"ct-tab-box-title\">Voc\u00ea gostaria de ter os dentes mais claros e bonitos?<\/h5>\n                            <div class=\"ct-tab-box-content\">Tratamento que age na parte exterior dos dentes para remover as impurezas e, assim, deixar o sorriso branco. <\/div>\n                                                    <\/div>\n                                                    <div class=\"ct-tab-image bg-image\" style=\"background-image: url(https:\/\/cristinadurao.com.br\/wp-content\/uploads\/2022\/03\/estetico.webp);\"><\/div>\n                                            <\/div>\n                    \n                <\/div>\n                            <div id=\"ct_tab_banner-68fd91c1\" class=\"ct-tab-content\" >\n                    \n                    <div class=\"ct-tab-box\">\n                        <div class=\"ct-tab-box-holder bg-image\">  \n                            <h5 class=\"ct-tab-box-title\">O que \u00e9 obtura\u00e7\u00e3o?<\/h5>\n                            <div class=\"ct-tab-box-content\">\u00c9 restaurar a parte dele que est\u00e1 cariada, tornando-o saud\u00e1vel de novo.<\/div>\n                                                    <\/div>\n                                                    <div class=\"ct-tab-image bg-image\" style=\"background-image: url(https:\/\/cristinadurao.com.br\/wp-content\/uploads\/2022\/03\/Captura-de-tela-2022-03-28-182516.png);\"><\/div>\n                                            <\/div>\n                    \n                <\/div>\n                            <div id=\"ct_tab_banner-68fd91c2\" class=\"ct-tab-content\" >\n                    \n                    <div class=\"ct-tab-box\">\n                        <div class=\"ct-tab-box-holder bg-image\">  \n                            <h5 class=\"ct-tab-box-title\">Limpeza dental.<\/h5>\n                            <div class=\"ct-tab-box-content\">Recomenda - se a realiza\u00e7\u00e3o a cada 6 meses, n\u00e3o deixe de se cuidar.  Prevenir \u00e9 sempre o melhor caminho.<\/div>\n                                                    <\/div>\n                                                    <div class=\"ct-tab-image bg-image\" style=\"background-image: url(https:\/\/cristinadurao.com.br\/wp-content\/uploads\/2022\/03\/limpeza.png);\"><\/div>\n                                            <\/div>\n                    \n                <\/div>\n                            <div id=\"ct_tab_banner-68fd91c3\" class=\"ct-tab-content\" >\n                    \n                    <div class=\"ct-tab-box\">\n                        <div class=\"ct-tab-box-holder bg-image\">  \n                            <h5 class=\"ct-tab-box-title\">Extra\u00e7\u00e3o de dente , tamb\u00e9m chamada de exodontia<\/h5>\n                            <div class=\"ct-tab-box-content\">Costuma ser um procedimento bem simples, mas que exige alguns cuidados no pr\u00e9 e no p\u00f3s-operat\u00f3rio para que n\u00e3o gere nenhum problema para o paciente.<\/div>\n                                                    <\/div>\n                                                    <div class=\"ct-tab-image bg-image\" style=\"background-image: url(https:\/\/cristinadurao.com.br\/wp-content\/uploads\/2022\/03\/extracao.jpg);\"><\/div>\n                                            <\/div>\n                    \n                <\/div>\n                            <div id=\"ct_tab_banner-68fd91c4\" class=\"ct-tab-content\" >\n                    \n                    <div class=\"ct-tab-box\">\n                        <div class=\"ct-tab-box-holder bg-image\">  \n                            <h5 class=\"ct-tab-box-title\">Implantes.<\/h5>\n                            <div class=\"ct-tab-box-content\">Fazer implante \u00e9 uma solu\u00e7\u00e3o maravilhosa para quem perdeu algum dente e n\u00e3o consegue mais sorrir tranquilamente.<\/div>\n                                                    <\/div>\n                                                    <div class=\"ct-tab-image bg-image\" style=\"background-image: url(https:\/\/cristinadurao.com.br\/wp-content\/uploads\/2022\/03\/saudebucalimplante.webp);\"><\/div>\n                                            <\/div>\n                    \n                <\/div>\n                            <div id=\"ct_tab_banner-68fd91c5\" class=\"ct-tab-content\" >\n                    \n                    <div class=\"ct-tab-box\">\n                        <div class=\"ct-tab-box-holder bg-image\">  \n                            <h5 class=\"ct-tab-box-title\">Bruxismo<\/h5>\n                            <div class=\"ct-tab-box-content\">O bruxismo consiste no ato de apertar ou ranger os dentes, principalmente durante o sono.\n\nNa maioria das vezes, isso acontece de forma totalmente inconsciente, ou seja, sem que a pessoa perceba, por\u00e9m seus danos podem levar a uma destrui\u00e7\u00e3o dent\u00e1ria e\/ou articular, ocasionando dores, altera\u00e7\u00f5es est\u00e9ticas e funcionais. Prevenir \u00e9 sempre o melhor caminho, o diagn\u00f3stico precoce evita danos ao sistema e custos maiores.  J\u00e1 agendou sua avalia\u00e7\u00e3o?<\/div>\n                                                    <\/div>\n                                                    <div class=\"ct-tab-image bg-image\" style=\"background-image: url(https:\/\/cristinadurao.com.br\/wp-content\/uploads\/2022\/03\/bruxismo.webp);\"><\/div>\n                                            <\/div>\n                    \n                <\/div>\n                            <div id=\"ct_tab_banner-68fd91c6\" class=\"ct-tab-content\" >\n                    \n                    <div class=\"ct-tab-box\">\n                        <div class=\"ct-tab-box-holder bg-image\">  \n                            <h5 class=\"ct-tab-box-title\">Coroa - Lentes - Facetas<\/h5>\n                            <div class=\"ct-tab-box-content\">As coroas, lentes ou facetas s\u00e3o indicadas a partir de uma avalia\u00e7\u00e3o das condi\u00e7\u00f5es cl\u00ednicas e est\u00e9ticas do paciente, podem ser elaboradas em materiais de maiores ou menores custos e durabilidade.  Fa\u00e7a uma consulta para avaliar suas possibilidades e n\u00e3o deixe de cuidar de voc\u00ea, dos seus dentes e da sua autoestima.  Se sentir confiante \u00e9 o primeiro passo para o sucesso.<\/div>\n                                                    <\/div>\n                                                    <div class=\"ct-tab-image bg-image\" style=\"background-image: url(https:\/\/cristinadurao.com.br\/wp-content\/uploads\/2022\/03\/facetas.jpg);\"><\/div>\n                                            <\/div>\n                    \n                <\/div>\n                    <\/div>\n    <\/div>\n\t\t<\/div>\n\t\t\t\t<\/div>\n\t\t            <\/div>\n        <\/div>\n                            <\/div>\n        <\/section>\n        \t\t\t\t\t<\/div>\n\t\t","protected":false},"excerpt":{"rendered":"<p>Cuidados Dental Clareamento Obtura\u00e7\u00f5es Limpeza Extra\u00e7\u00f5es Implantes Placa de Bruxismo Coroa &#8211; Lentes &#8211; Facetas A higiene oral \u00e9 essencial para crian\u00e7as, adultos e idosos. Clareamento Obtura\u00e7\u00f5es Limpeza Extra\u00e7\u00f5es Implantes Placa de Bruxismo Coroa Lentes Facetas Voc\u00ea gostaria de ter os dentes mais claros e bonitos? Tratamento que age na parte exterior dos dentes para [&hellip;]<\/p>\n","protected":false},"author":1,"featured_media":5862,"parent":0,"menu_order":0,"comment_status":"closed","ping_status":"closed","template":"","meta":{"footnotes":""},"class_list":["post-5974","page","type-page","status-publish","has-post-thumbnail","hentry"],"yoast_head":"<!-- This site is optimized with the Yoast SEO plugin v19.7.1 - https:\/\/yoast.com\/wordpress\/plugins\/seo\/ -->\n<title>Odontologia cl\u00ednica - Dra Cristina Dur\u00e3o<\/title>\n<meta name=\"robots\" content=\"index, follow, max-snippet:-1, max-image-preview:large, max-video-preview:-1\" \/>\n<link rel=\"canonical\" href=\"https:\/\/cristinadurao.com.br\/index.php\/cuidados-dental\/\" \/>\n<meta property=\"og:locale\" content=\"pt_BR\" \/>\n<meta property=\"og:type\" content=\"article\" \/>\n<meta property=\"og:title\" content=\"Odontologia cl\u00ednica - Dra Cristina Dur\u00e3o\" \/>\n<meta property=\"og:description\" content=\"Cuidados Dental Clareamento Obtura\u00e7\u00f5es Limpeza Extra\u00e7\u00f5es Implantes Placa de Bruxismo Coroa &#8211; Lentes &#8211; Facetas A higiene oral \u00e9 essencial para crian\u00e7as, adultos e idosos. Clareamento Obtura\u00e7\u00f5es Limpeza Extra\u00e7\u00f5es Implantes Placa de Bruxismo Coroa Lentes Facetas Voc\u00ea gostaria de ter os dentes mais claros e bonitos? Tratamento que age na parte exterior dos dentes para [&hellip;]\" \/>\n<meta property=\"og:url\" content=\"https:\/\/cristinadurao.com.br\/index.php\/cuidados-dental\/\" \/>\n<meta property=\"og:site_name\" content=\"Dra Cristina Dur\u00e3o\" \/>\n<meta property=\"article:modified_time\" content=\"2022-04-03T13:44:30+00:00\" \/>\n<meta property=\"og:image\" content=\"https:\/\/cristinadurao.com.br\/wp-content\/uploads\/2022\/03\/Captura-de-tela-2022-03-27-120629.png\" \/>\n\t<meta property=\"og:image:width\" content=\"847\" \/>\n\t<meta property=\"og:image:height\" content=\"337\" \/>\n\t<meta property=\"og:image:type\" content=\"image\/png\" \/>\n<meta name=\"twitter:card\" content=\"summary_large_image\" \/>\n<meta name=\"twitter:label1\" content=\"Est. tempo de leitura\" \/>\n\t<meta name=\"twitter:data1\" content=\"1 minuto\" \/>\n<script type=\"application\/ld+json\" class=\"yoast-schema-graph\">{\"@context\":\"https:\/\/schema.org\",\"@graph\":[{\"@type\":\"WebPage\",\"@id\":\"https:\/\/cristinadurao.com.br\/index.php\/cuidados-dental\/\",\"url\":\"https:\/\/cristinadurao.com.br\/index.php\/cuidados-dental\/\",\"name\":\"Odontologia cl\u00ednica - Dra Cristina Dur\u00e3o\",\"isPartOf\":{\"@id\":\"https:\/\/cristinadurao.com.br\/#website\"},\"datePublished\":\"2022-03-27T17:26:21+00:00\",\"dateModified\":\"2022-04-03T13:44:30+00:00\",\"breadcrumb\":{\"@id\":\"https:\/\/cristinadurao.com.br\/index.php\/cuidados-dental\/#breadcrumb\"},\"inLanguage\":\"pt-BR\",\"potentialAction\":[{\"@type\":\"ReadAction\",\"target\":[\"https:\/\/cristinadurao.com.br\/index.php\/cuidados-dental\/\"]}]},{\"@type\":\"BreadcrumbList\",\"@id\":\"https:\/\/cristinadurao.com.br\/index.php\/cuidados-dental\/#breadcrumb\",\"itemListElement\":[{\"@type\":\"ListItem\",\"position\":1,\"name\":\"In\u00edcio\",\"item\":\"https:\/\/cristinadurao.com.br\/\"},{\"@type\":\"ListItem\",\"position\":2,\"name\":\"Odontologia cl\u00ednica\"}]},{\"@type\":\"WebSite\",\"@id\":\"https:\/\/cristinadurao.com.br\/#website\",\"url\":\"https:\/\/cristinadurao.com.br\/\",\"name\":\"Dra Cristina Dur\u00e3o\",\"description\":\"Odontologia especializada\",\"potentialAction\":[{\"@type\":\"SearchAction\",\"target\":{\"@type\":\"EntryPoint\",\"urlTemplate\":\"https:\/\/cristinadurao.com.br\/?s={search_term_string}\"},\"query-input\":\"required name=search_term_string\"}],\"inLanguage\":\"pt-BR\"}]}<\/script>\n<!-- \/ Yoast SEO plugin. -->","yoast_head_json":{"title":"Odontologia cl\u00ednica - Dra Cristina Dur\u00e3o","robots":{"index":"index","follow":"follow","max-snippet":"max-snippet:-1","max-image-preview":"max-image-preview:large","max-video-preview":"max-video-preview:-1"},"canonical":"https:\/\/cristinadurao.com.br\/index.php\/cuidados-dental\/","og_locale":"pt_BR","og_type":"article","og_title":"Odontologia cl\u00ednica - Dra Cristina Dur\u00e3o","og_description":"Cuidados Dental Clareamento Obtura\u00e7\u00f5es Limpeza Extra\u00e7\u00f5es Implantes Placa de Bruxismo Coroa &#8211; Lentes &#8211; Facetas A higiene oral \u00e9 essencial para crian\u00e7as, adultos e idosos. Clareamento Obtura\u00e7\u00f5es Limpeza Extra\u00e7\u00f5es Implantes Placa de Bruxismo Coroa Lentes Facetas Voc\u00ea gostaria de ter os dentes mais claros e bonitos? Tratamento que age na parte exterior dos dentes para [&hellip;]","og_url":"https:\/\/cristinadurao.com.br\/index.php\/cuidados-dental\/","og_site_name":"Dra Cristina Dur\u00e3o","article_modified_time":"2022-04-03T13:44:30+00:00","og_image":[{"width":847,"height":337,"url":"https:\/\/cristinadurao.com.br\/wp-content\/uploads\/2022\/03\/Captura-de-tela-2022-03-27-120629.png","type":"image\/png"}],"twitter_card":"summary_large_image","twitter_misc":{"Est. tempo de leitura":"1 minuto"},"schema":{"@context":"https:\/\/schema.org","@graph":[{"@type":"WebPage","@id":"https:\/\/cristinadurao.com.br\/index.php\/cuidados-dental\/","url":"https:\/\/cristinadurao.com.br\/index.php\/cuidados-dental\/","name":"Odontologia cl\u00ednica - Dra Cristina Dur\u00e3o","isPartOf":{"@id":"https:\/\/cristinadurao.com.br\/#website"},"datePublished":"2022-03-27T17:26:21+00:00","dateModified":"2022-04-03T13:44:30+00:00","breadcrumb":{"@id":"https:\/\/cristinadurao.com.br\/index.php\/cuidados-dental\/#breadcrumb"},"inLanguage":"pt-BR","potentialAction":[{"@type":"ReadAction","target":["https:\/\/cristinadurao.com.br\/index.php\/cuidados-dental\/"]}]},{"@type":"BreadcrumbList","@id":"https:\/\/cristinadurao.com.br\/index.php\/cuidados-dental\/#breadcrumb","itemListElement":[{"@type":"ListItem","position":1,"name":"In\u00edcio","item":"https:\/\/cristinadurao.com.br\/"},{"@type":"ListItem","position":2,"name":"Odontologia cl\u00ednica"}]},{"@type":"WebSite","@id":"https:\/\/cristinadurao.com.br\/#website","url":"https:\/\/cristinadurao.com.br\/","name":"Dra Cristina Dur\u00e3o","description":"Odontologia especializada","potentialAction":[{"@type":"SearchAction","target":{"@type":"EntryPoint","urlTemplate":"https:\/\/cristinadurao.com.br\/?s={search_term_string}"},"query-input":"required name=search_term_string"}],"inLanguage":"pt-BR"}]}},"_links":{"self":[{"href":"https:\/\/cristinadurao.com.br\/index.php\/wp-json\/wp\/v2\/pages\/5974","targetHints":{"allow":["GET"]}}],"collection":[{"href":"https:\/\/cristinadurao.com.br\/index.php\/wp-json\/wp\/v2\/pages"}],"about":[{"href":"https:\/\/cristinadurao.com.br\/index.php\/wp-json\/wp\/v2\/types\/page"}],"author":[{"embeddable":true,"href":"https:\/\/cristinadurao.com.br\/index.php\/wp-json\/wp\/v2\/users\/1"}],"replies":[{"embeddable":true,"href":"https:\/\/cristinadurao.com.br\/index.php\/wp-json\/wp\/v2\/comments?post=5974"}],"version-history":[{"count":56,"href":"https:\/\/cristinadurao.com.br\/index.php\/wp-json\/wp\/v2\/pages\/5974\/revisions"}],"predecessor-version":[{"id":6246,"href":"https:\/\/cristinadurao.com.br\/index.php\/wp-json\/wp\/v2\/pages\/5974\/revisions\/6246"}],"wp:featuredmedia":[{"embeddable":true,"href":"https:\/\/cristinadurao.com.br\/index.php\/wp-json\/wp\/v2\/media\/5862"}],"wp:attachment":[{"href":"https:\/\/cristinadurao.com.br\/index.php\/wp-json\/wp\/v2\/media?parent=5974"}],"curies":[{"name":"wp","href":"https:\/\/api.w.org\/{rel}","templated":true}]}}